{"id":159,"date":"2018-09-21T13:07:36","date_gmt":"2018-09-21T10:07:36","guid":{"rendered":"https:\/\/satakirjastot.tapahtumat.pori.fi\/index.php\/calendar\/"},"modified":"2020-11-11T10:48:29","modified_gmt":"2020-11-11T08:48:29","slug":"calendar","status":"publish","type":"page","link":"https:\/\/tapahtumat.satakirjastot.fi\/","title":{"rendered":"Satakirjastot"},"content":{"rendered":"\n<p>Tulitko katsomaan Satakirjastojen tapahtumia? K\u00e4y meid\u00e4n <a href=\"https:\/\/satakirjastot.finna.fi\">verkkokirjaston nettisivulla<\/a>.<\/p>\n\n\n\n<p>T\u00e4m\u00e4 on verkkokirjaston apusivusto.<\/p>\n\n\n\n<h2 class=\"wp-block-heading\">Tietoja meist\u00e4<\/h2>\n\n\n\n<p>Satakirjastot on vuodesta 2009 toiminut Satakunnan yleisten kirjastojen kirjastokimppa. Satakirjastoihin kuuluvat kaikki Satakunnan kunnan- ja kaupunginkirjastot. Kirjastoilla on yhteinen asiakas- ja kokoelmatietokanta sek\u00e4 yhteiset s\u00e4\u00e4nn\u00f6t.<\/p>\n\n\n\n<p>Satakirjastojen kirjastokortti tai vanhempi, kirjaston oma kortti, k\u00e4y kaikissa Satakirjastoissa. Aineistoa voi my\u00f6s palauttaa mihin tahansa Satakirjastojen toimipisteeseen. Varattaessa on asiakkaiden k\u00e4ytett\u00e4viss\u00e4 koko Satakirjastojen kokoelma ja saapuneet varaukset kuljetetaan maksutta asiakkaan haluamaan kirjastoon.<\/p>\n\n\n\n<p>Satakirjastoilla on yhteinen verkkokirjasto osoitteessa <a href=\"https:\/\/satakirjastot.finna.fi\">satakirjastot.finna.fi<\/a>. Verkkokirjastossa voi tehd\u00e4 tiedonhakuja, uusia lainoja, varata aineistoa ja maksaa kirjastojen maksuja.<\/p>\n\n\n\n<p>Satakirjastoihin kuuluvat seuraavat kirjastot:<a href=\"https:\/\/satakirjastot.finna.fi\/themes\/custom\/images\/Satakunnan_kunnat2018.jpg?_=1544165700\" target=\"_blank\" rel=\"noreferrer noopener\"><\/a><\/p>\n\n\n\n<ul class=\"wp-block-list\"><li>Euran kunnankirjasto<\/li><li>Eurajoen kunnankirjasto<\/li><li>Harjavallan kaupunginkirjasto<\/li><li>Huittisten kaupunginkirjasto<\/li><li>J\u00e4mij\u00e4rven kunnankirjasto<\/li><li>Kankaanp\u00e4\u00e4n kaupunginkirjasto<\/li><li>Karvian kunnankirjasto<\/li><li>Kokem\u00e4en kunnankirjasto<\/li><li>Merikarvian kunnankirjasto<\/li><li>Pomarkun kunnankirjasto<\/li><li>Porin ja Nakkilan kirjastot<\/li><li>Rauman kaupunginkirjasto<\/li><li>Siikaisten kunnankirjasto<\/li><li>S\u00e4kyl\u00e4n kunnankirjasto<\/li><li>Ulvilan kaupunginkirjasto<\/li><\/ul>\n","protected":false},"excerpt":{"rendered":"<p>Tulitko katsomaan Satakirjastojen tapahtumia? K\u00e4y meid\u00e4n verkkokirjaston nettisivulla. T\u00e4m\u00e4 on verkkokirjaston apusivusto. Tietoja meist\u00e4 Satakirjastot on vuodesta 2009 toiminut Satakunnan yleisten kirjastojen kirjastokimppa. Satakirjastoihin kuuluvat kaikki Satakunnan kunnan- ja kaupunginkirjastot. Kirjastoilla on yhteinen asiakas- ja kokoelmatietokanta sek\u00e4 yhteiset s\u00e4\u00e4nn\u00f6t. Satakirjastojen kirjastokortti tai vanhempi, kirjaston oma kortti, k\u00e4y kaikissa Satakirjastoissa. Aineistoa voi my\u00f6s palauttaa mihin tahansa &hellip; <a href=\"https:\/\/tapahtumat.satakirjastot.fi\/\" class=\"more-link\">Jatka lukemista<span class=\"screen-reader-text\"> &#8221;Satakirjastot&#8221;<\/span><\/a><\/p>\n","protected":false},"author":2,"featured_media":0,"parent":0,"menu_order":0,"comment_status":"closed","ping_status":"closed","template":"","meta":{"footnotes":""},"class_list":["post-159","page","type-page","status-publish","hentry"],"_links":{"self":[{"href":"https:\/\/tapahtumat.satakirjastot.fi\/index.php\/wp-json\/wp\/v2\/pages\/159","targetHints":{"allow":["GET"]}}],"collection":[{"href":"https:\/\/tapahtumat.satakirjastot.fi\/index.php\/wp-json\/wp\/v2\/pages"}],"about":[{"href":"https:\/\/tapahtumat.satakirjastot.fi\/index.php\/wp-json\/wp\/v2\/types\/page"}],"author":[{"embeddable":true,"href":"https:\/\/tapahtumat.satakirjastot.fi\/index.php\/wp-json\/wp\/v2\/users\/2"}],"replies":[{"embeddable":true,"href":"https:\/\/tapahtumat.satakirjastot.fi\/index.php\/wp-json\/wp\/v2\/comments?post=159"}],"version-history":[{"count":2,"href":"https:\/\/tapahtumat.satakirjastot.fi\/index.php\/wp-json\/wp\/v2\/pages\/159\/revisions"}],"predecessor-version":[{"id":9048,"href":"https:\/\/tapahtumat.satakirjastot.fi\/index.php\/wp-json\/wp\/v2\/pages\/159\/revisions\/9048"}],"wp:attachment":[{"href":"https:\/\/tapahtumat.satakirjastot.fi\/index.php\/wp-json\/wp\/v2\/media?parent=159"}],"curies":[{"name":"wp","href":"https:\/\/api.w.org\/{rel}","templated":true}]}}